{"id":635,"date":"2018-10-21T18:41:12","date_gmt":"2018-10-21T16:41:12","guid":{"rendered":"https:\/\/ceccararad.ro\/ro\/?page_id=635"},"modified":"2019-03-06T14:10:50","modified_gmt":"2019-03-06T12:10:50","slug":"tablou-membri","status":"publish","type":"page","link":"https:\/\/ceccargalati.ro\/ro\/membri\/sunt-membru-ceccar\/tablou-membri\/","title":{"rendered":"Tablou membri"},"content":{"rendered":"<section   class=\"fw-main-row  auto  fw-section-position-back\"    >\n\t\t\t<div class=\"fw-container\" >\n\t\t<div class=\"fw-row\">\n\t<div id=\"column-69d6150a91db7\" class=\"fw-col-sm-12 tf-sh-4bf7de7076824fb4c351a6d1039d0743\" >\n\t<div class=\"fw-wrap-col-inner clearfix  \"   >\n\t\t\t\t<div class=\"fw-col-inner\">\n\t\t\t<div class=\"fw-divider-space space-sm  clearfix\"  ><\/div><div class=\"fw-text-box tf-sh-b4a496c23a94b122350f1c9e2210e50c \" >\n\t<div class=\"fw-text-inner\">\n\t\t<p><strong><span style=\"font-size: 12pt;\">Tablou membri<br \/><\/span><\/strong><\/p>\n\t<\/div>\n<\/div><div class=\"fw-divider-space space-sm  clearfix\"  ><\/div><div class=\"tf-sh-435841a89aa1e8b5e1a52a967d0eb145 fw-tabs fw-tabs-framed fw-tabs-left \" >\n\t<ul class=\"nav nav-tabs \">\n\t\t\t\t\t<li class=\"active\">\n\t\t\t\t<a href=\"#tab-cont-435841a89aa1e8b5e1a52a967d0eb145-1\" data-toggle=\"tab\">\n\t\t\t\t\t\n\t\t\t\t\t\t\t\t\t\t<span>Extras din Ordonanta 65\/1994<\/span>\n\t\t\t\t<\/a>\n\t\t\t<\/li>\n\t\t\t\t\t\t\t\t<li >\n\t\t\t\t<a href=\"#tab-cont-435841a89aa1e8b5e1a52a967d0eb145-2\" data-toggle=\"tab\">\n\t\t\t\t\t\n\t\t\t\t\t\t\t\t\t\t<span>Sectiunile Tabloului<\/span>\n\t\t\t\t<\/a>\n\t\t\t<\/li>\n\t\t\t\t\t\t<\/ul>\n\n\t<div class=\"tab-content clearfix\">\n\t\t\t\t\t<div id=\"tab-cont-435841a89aa1e8b5e1a52a967d0eb145-1\"\n\t\t\t     class=\"tab-pane fade in active\">\n\t\t\t\t\n\t\t\t\t\t\t\t\t\t<p>Organizarea Corpului Expertilor Contabili si Contabililor Autorizati din Romania se face pe doua sectiuni:<\/p><p>\u2013 sectiunea expertilor contabili;<\/p><p>\u2013 sectiunea contabililor autorizati.<\/p><p>(3) Evidenta persoanelor care au promovat concursul (!!) de admitere si se afla in perioada de stagiu se organizeaza potrivit Regulamentului de organizare si functionare al Corpului Expertilor Contabili si Contabililor Autorizati din Romania.<\/p><p>(4) Membrii care nu exercita profesia vor fi inscrisi in capitole distincte, in cadrul sectiunilor prevazute la alin. 2.<\/p><p>(5) Organizarea si functionarea sectiunilor se stabilesc prin Regulamentul de organizare si functionare al Corpului Expertilor Contabili si Contabililor Autorizati din Romania.<\/p><p>Art. 21 \u2013 (1) Inscrierea in Tabloul Corpului a expertilor contabili si a contabililor autorizati se face, la cerere, de catre filialele judetene si a municipiului Bucuresti, daca cei in cauza fac dovada ca indeplinesc conditiile prevazute la art. 4 lit. a si c, respectiv art. 5 lit. a si c.<\/p><p>(2) Contestatia impotriva respingerii cererii de inscriere in Tabloul Corpului se depune in termen de 30 de zile de la data primirii comunicarii si se solutioneaza de conducerea sectiunii expertilor contabili sau a contabililor autorizati, dupa caz, in termen de 30 de zile de la data inregistrarii. Hotararile sectiunilor pot fi atacate la Consiliul superior al Corpului, in termen de 15 zile de la primirea acestora, si se solutioneaza in termen de 15 zile de la data depunerii contestatiei. Deciziile Consiliului superior al Corpului sunt definitive.<\/p><p>(3) Dupa inscrierea in tablou expertii contabili si contabilii autorizati depun juramant scris. Juramantul are urmatoarea formulare: \u201eJur sa aplic in mod corect si fara partinire legile tarii, sa respect prevederile Regulamentului Corpului Expertilor Contabili si Contabililor Autorizati si ale Codului privind conduita etica si profesionala a expertilor contabili si contabililor autorizati, sa pastrez secretul profesional si sa aduc la indeplinire cu constiinciozitate indatoririle ce imi revin in calitate de expert contabil (contabil autorizat)\u201d.<\/p><p>Art. 22 \u2013 (1) Membrii Corpului Expertilor Contabili si Contabililor Autorizati au obligatia sa plateasca cotizatiile profesionale. Neplata acestora pe o perioada de un an atrage radierea din Tabloul Corpului.<\/p><p>(2) De asemenea, sunt radiati din evidenta expertii contabili si contabilii autorizati care au suferit o condamnare de natura celor prevazute la art. 4 lit. c sau la art. 5 lit. c, ori au savarsit abateri grave de alta natura, prevazute in regulament, precum si cei care nu depun in contul bugetului statului, in termenul si la nivelul prevazut de lege, impozitul asupra onorariilor incasate de la persoane fizice.<\/p><p>Art. 23 \u2013 Societatile comerciale de expertiza contabila, membre ale Corpului Expertilor Contabili si Contabililor Autorizati, au obligatia sa comunice filialelor acestuia toate modificarile intervenite in componenta asociatilor sau actionarilor lor.<\/p><p>Art. 24 \u2013 Publicitatea in legatura cu exercitarea profesiei de expert contabil si de contabil autorizat se efectueaza sau se autorizeaza de catre Corpul Expertilor Contabili si Contabililor Autorizati, in interesul profesiei membrilor sai.<\/p><p>Art. 25 \u2013 Persoanele fizice sau juridice straine, care nu au domiciliul sau, dupa caz, sediul in Romania, pot exercita activitatea de expert contabil sau de contabil autorizat, potrivit prevederilor prezentei ordonante, daca in tarile lor au aceasta specializare, in conditiile stabilite prin conventii bilaterale incheiate in acest scop de Romania cu alte state si daca au sustinut examenul vizand cunoasterea legislatiei nationale in domeniul organizarii si functionarii societatilor comerciale, precum si a celei fiscale si contabile.<\/p>\t\t\t\t\t\t\t<\/div>\n\t\t\t\t\t\t<div id=\"tab-cont-435841a89aa1e8b5e1a52a967d0eb145-2\"\n\t\t\t     class=\"tab-pane fade \">\n\t\t\t\t\n\t\t\t\t\t\t\t\t\t<p><u><strong>Sec\u0163iunea I<\/strong><\/u>\u00a0\u2013 exper\u0163i contabili liber profesioni\u015fti care \u00ee\u015fi desf\u0103\u015foar\u0103\u00a0activitatea \u00een mod individual.<\/p><p><u><strong>Sec\u0163iunea a-II-a<\/strong><\/u>\u00a0\u2013 exper\u0163i contabili care au statut de angaja\u0163i \u00een institu\u0163ii centrale sau locale, institu\u0163ii bancare \u015fi de asigur\u0103ri, educa\u0163ie, cercetare, \u00eentreprinderi \u015fi alte entit\u0103\u0163i (altele dec\u00e2t entit\u0103\u0163ile membre C.E.C.C.A.R.):<\/p><p>A. Membri activi<\/p><p>B. Membri inactivi<\/p><p><u><strong>Sec\u0163iunea a-III-a<\/strong><\/u> - persoane fizice str\u0103ine sau care sunt absolvente ale unor institu\u0163ii recunoscute care au ob\u0163inut calitatea de membru al Corpului.<\/p><p><u><strong>Sec\u0163iunea a-IV-a<\/strong><\/u> \u2013 societ\u0103\u0163ile de expertiz\u0103 contabil\u0103, companii \u015fi alte entit\u0103\u0163i juridice autorizate s\u0103 desf\u0103\u015foare activit\u0103\u0163i profesionale prev\u0103zute de Ordonan\u0163a Guvernului nr. 65\/1994, republicat\u0103:<\/p><p>A. Cu capital str\u0103in sau mixt<\/p><p>B. Cu capital autohton<\/p><p><u><strong>Sec\u0163iunea a-V-a<\/strong>\u00a0<\/u>\u2013 contabili autoriza\u0163i liber profesioni\u015fti care \u00ee\u015fi desf\u0103\u015foar\u0103\u00a0activitatea \u00een mod individual.<\/p><p><u><strong>Sec\u0163iunea a-VI-a<\/strong><\/u> \u2013 contabili autorizati care au statut de angaja\u0163i \u00een institu\u0163ii centrale sau locale, institu\u0163ii bancare \u015fi de asigur\u0103ri, educa\u0163ie, cercetare, \u00eentreprinderi \u015fi alte entit\u0103\u0163i (altele dec\u00e2t entit\u0103\u0163ile membre C.E.C.C.A.R.):<\/p><p>A. Membri activi<\/p><p>B. Membri inactivi<\/p><p><u><strong>Sec\u0163iunea a-VII-a<\/strong><\/u> \u2013 societ\u0103\u0163i de contabilitate autorizate s\u0103 desf\u0103\u015foare activit\u0103\u0163ile profesionale prev\u0103zute de Ordonan\u0163a Guvernului nr. 65\/1994, republicat\u0103:<\/p><p>A. Cu capital str\u0103in sau mixt<\/p><p>B. Cu capital autohton<\/p><p><u><strong>Sec\u0163iunea a-VIII-a<\/strong><\/u> \u2013 membrii de onoare:<\/p><p>A. Pre\u015fedin\u021bi de onoare<\/p><p>B. Exper\u0163i contabili de onoare<\/p><p>C. Contabili autoriza\u0163i de onoare.<\/p>\t\t\t\t\t\t\t<\/div>\n\t\t\t\t<\/div>\n<\/div>\t\t<\/div>\n\t<\/div>\n<\/div><\/div>\n\n\t<\/div>\n\t<\/section>\n","protected":false},"excerpt":{"rendered":"<p>Tablou membri Extras din Ordonanta 65\/1994 Sectiunile Tabloului Organizarea Corpului Expertilor Contabili si Contabililor Autorizati din Romania se face pe doua sectiuni:\u2013 sectiunea expertilor contabili;\u2013 sectiunea contabililor autorizati.(3) Evidenta persoanelor care au promovat concursul (!!) [&hellip;]<\/p>\n","protected":false},"author":1,"featured_media":0,"parent":310,"menu_order":0,"comment_status":"closed","ping_status":"closed","template":"visual-builder-template.php","meta":{"footnotes":""},"class_list":["post-635","page","type-page","status-publish","hentry"],"_links":{"self":[{"href":"https:\/\/ceccargalati.ro\/ro\/wp-json\/wp\/v2\/pages\/635"}],"collection":[{"href":"https:\/\/ceccargalati.ro\/ro\/wp-json\/wp\/v2\/pages"}],"about":[{"href":"https:\/\/ceccargalati.ro\/ro\/wp-json\/wp\/v2\/types\/page"}],"author":[{"embeddable":true,"href":"https:\/\/ceccargalati.ro\/ro\/wp-json\/wp\/v2\/users\/1"}],"replies":[{"embeddable":true,"href":"https:\/\/ceccargalati.ro\/ro\/wp-json\/wp\/v2\/comments?post=635"}],"version-history":[{"count":3,"href":"https:\/\/ceccargalati.ro\/ro\/wp-json\/wp\/v2\/pages\/635\/revisions"}],"predecessor-version":[{"id":1219,"href":"https:\/\/ceccargalati.ro\/ro\/wp-json\/wp\/v2\/pages\/635\/revisions\/1219"}],"up":[{"embeddable":true,"href":"https:\/\/ceccargalati.ro\/ro\/wp-json\/wp\/v2\/pages\/310"}],"wp:attachment":[{"href":"https:\/\/ceccargalati.ro\/ro\/wp-json\/wp\/v2\/media?parent=635"}],"curies":[{"name":"wp","href":"https:\/\/api.w.org\/{rel}","templated":true}]}}